{"id":294,"date":"2025-09-20T10:13:50","date_gmt":"2025-09-20T16:13:50","guid":{"rendered":"https:\/\/usamericanvisa.com\/honduras\/?page_id=294"},"modified":"2025-10-07T04:07:35","modified_gmt":"2025-10-07T10:07:35","slug":"prevencion-de-fraudes","status":"publish","type":"page","link":"https:\/\/usamericanvisa.com\/honduras\/prevencion-de-fraudes\/","title":{"rendered":"Prevenci\u00f3n de Fraudes"},"content":{"rendered":"\n<div class=\"wp-block-stackable-separator alignfull stk-block-separator stk--no-padding stk-block stk-d5580ba\" data-block-id=\"d5580ba\"><style>.stk-d5580ba svg{fill:var(--theme-palette-color-7, #FAFBFC) !important;filter:drop-shadow(0px 10px 60px #0000001a) !important;}.stk-d5580ba .stk-block-separator__inner{transform:scaleX(2) !important;}<\/style><div class=\"stk-block-separator__inner\"><svg xmlns=\"http:\/\/www.w3.org\/2000\/svg\" viewBox=\"0 0 1600 200\" class=\"stk-separator__layer-1\" preserveAspectRatio=\"none\" aria-hidden=\"true\"><path d=\"M1413.6 39.3c-157.9 0-338.2 37.7-495.1 67.4-215.6 40.8-328.1 44.6-418.2 41.1S317 127.3 188.4 98.7-10 64.5-10 64.5v150.2h1620V58.8s-68.8-19.5-196.4-19.5z\"><\/path><\/svg><\/div><\/div>\n\n\n\n<div class=\"wp-block-greenshift-blocks-row gspb_row gspb_row-id-gsbp-0d2bec3\" id=\"gspb_row-id-gsbp-0d2bec3\"><div class=\"gspb_row__content\"> \n<div class=\"wp-block-greenshift-blocks-row-column gspb_row__col--12 gspb_col-id-gsbp-5833d2a\" id=\"gspb_col-id-gsbp-5833d2a\">\n<p class=\"has-large-font-size\"><strong>PREVENCI\u00d3N DE FRAUDES<\/strong><\/p>\n\n\n\n<p>En <strong>US American Visa<\/strong> estamos comprometidos con la seguridad, confianza y protecci\u00f3n de nuestros clientes. Sabemos que los tr\u00e1mites migratorios y la compra de servicios tur\u00edsticos son procesos sensibles que pueden ser objeto de estafas o pr\u00e1cticas fraudulentas. Por ello, hemos establecido las siguientes pol\u00edticas y recomendaciones de <strong>Prevenci\u00f3n de Fraudes<\/strong>:<\/p>\n\n\n\n<hr class=\"wp-block-separator has-alpha-channel-opacity\"\/>\n\n\n\n<h2 class=\"wp-block-heading\" id=\"1-comunicacion-oficial\">1. COMUNICACI\u00d3N OFICIAL<\/h2>\n\n\n\n<ul class=\"wp-block-list\">\n<li>Nuestros \u00fanicos canales oficiales de comunicaci\u00f3n son:\n<ul class=\"wp-block-list\">\n<li><strong>Correo electr\u00f3nico:<\/strong> <a href=\"mailto:sac@usamericanvisa.com\">sac@usamericanvisa.com<\/a><\/li>\n<\/ul>\n<\/li>\n<\/ul>\n\n\n\n<p>\u26a0\ufe0f <strong>Cualquier mensaje proveniente de n\u00fameros personales, perfiles falsos en redes sociales o correos no oficiales no pertenece a US American Visa.<\/strong><\/p>\n\n\n\n<hr class=\"wp-block-separator has-alpha-channel-opacity\"\/>\n\n\n\n<h2 class=\"wp-block-heading\" id=\"2-pagos-seguros\">2. PAGOS SEGUROS<\/h2>\n\n\n\n<ul class=\"wp-block-list\">\n<li>Los pagos por servicios \u00fanicamente se realizan mediante:\n<ul class=\"wp-block-list\">\n<li><strong>Transferencias bancarias a cuentas a nombre de US American Visa.<\/strong><\/li>\n\n\n\n<li><strong>Plataformas de pago autorizadas<\/strong> (ejemplo: PayPal, Stripe u otros medios electr\u00f3nicos que indiquemos en nuestro sitio oficial).<\/li>\n<\/ul>\n<\/li>\n\n\n\n<li>Nunca solicitamos pagos a cuentas personales ni a trav\u00e9s de m\u00e9todos no oficiales.<\/li>\n<\/ul>\n\n\n\n<hr class=\"wp-block-separator has-alpha-channel-opacity\"\/>\n\n\n\n<h2 class=\"wp-block-heading\" id=\"3-servicios-ofrecidos\">3. SERVICIOS OFRECIDOS<\/h2>\n\n\n\n<ul class=\"wp-block-list\">\n<li><strong>US American Visa no garantiza la aprobaci\u00f3n de visas ni tr\u00e1mites consulares.<\/strong><\/li>\n\n\n\n<li>Ofrecemos asesor\u00eda y acompa\u00f1amiento profesional, pero la decisi\u00f3n final siempre corresponde a las autoridades migratorias y consulares de cada pa\u00eds.<\/li>\n\n\n\n<li>No realizamos tr\u00e1mites \u201cexpr\u00e9s\u201d, \u201ccon contactos internos\u201d ni servicios ilegales para agilizar procesos.<\/li>\n<\/ul>\n\n\n\n<hr class=\"wp-block-separator has-alpha-channel-opacity\"\/>\n\n\n\n<h2 class=\"wp-block-heading\" id=\"4-advertencias-importantes\">4. ADVERTENCIAS IMPORTANTES<\/h2>\n\n\n\n<ul class=\"wp-block-list\">\n<li><strong>Nunca entregue su pasaporte o documentos originales a terceros no autorizados.<\/strong><\/li>\n\n\n\n<li>No comparta claves personales, n\u00fameros de confirmaci\u00f3n ni c\u00f3digos de seguridad con nadie.<\/li>\n\n\n\n<li>Desconf\u00ede de cualquier persona que se haga pasar por \u201cintermediario\u201d de embajadas, consulados o aerol\u00edneas.<\/li>\n<\/ul>\n\n\n\n<hr class=\"wp-block-separator has-alpha-channel-opacity\"\/>\n\n\n\n<h2 class=\"wp-block-heading\" id=\"5-canales-de-denuncia\">5. CANALES DE DENUNCIA<\/h2>\n\n\n\n<p>Si recibe un mensaje sospechoso o detecta un intento de fraude en nombre de <strong>US American Visa<\/strong>, puede denunciarlo inmediatamente a trav\u00e9s de:<\/p>\n\n\n\n<ul class=\"wp-block-list\">\n<li><strong>Correo:<\/strong> <a href=\"mailto:sac@usamericanvisa.com\">sac@usamericanvisa.com<\/a><\/li>\n<\/ul>\n\n\n\n<p>Nos comprometemos a investigar cada caso y a tomar medidas inmediatas para proteger a nuestros clientes.<\/p>\n\n\n\n<hr class=\"wp-block-separator has-alpha-channel-opacity\"\/>\n\n\n\n<h2 class=\"wp-block-heading\" id=\"6-responsabilidad-del-usuario\">6. RESPONSABILIDAD DEL USUARIO<\/h2>\n\n\n\n<ul class=\"wp-block-list\">\n<li>El cliente es responsable de utilizar \u00fanicamente nuestros canales oficiales.<\/li>\n\n\n\n<li><strong>US American Visa no se hace responsable<\/strong> de fraudes o p\u00e9rdidas ocasionadas por operaciones realizadas fuera de nuestros medios autorizados.<\/li>\n<\/ul>\n\n\n\n<hr class=\"wp-block-separator has-alpha-channel-opacity\"\/>\n\n\n\n<h2 class=\"wp-block-heading\" id=\"7-compromiso-de-us-american-visa\">7. COMPROMISO DE US AMERICAN VISA<\/h2>\n\n\n\n<p>Reforzamos campa\u00f1as de <strong>educaci\u00f3n preventiva<\/strong> para que nuestros usuarios puedan reconocer y evitar intentos de fraude.<\/p>\n\n\n\n<p>Actualizamos constantemente nuestras pol\u00edticas de seguridad digital y procesos internos para proteger los datos y transacciones de nuestros clientes.<\/p>\n<\/div>\n <\/div><\/div>\n\n\n\n<section class=\"wp-block-greenshift-blocks-row alignfull gspb_row gspb_row-id-gsbp-cd0790b\" id=\"gspb_row-id-gsbp-cd0790b\"><div class=\"gspb_row__content\">  <\/div><div class=\"gspb_shape-divider-container gspb_shape-divider-container--bottom\"><svg data-style=\"25\" x=\"0px\" y=\"0px\" viewBox=\"0 0 1200 418\" preserveAspectRatio=\"none\" fill=\"var(--wp--preset--color--palette-color-3, var(--theme-palette-color-3, #34486E))\"><path class=\"gspb_st2 gspb_shape_2\" data-style=\"25\" d=\"M1.47792889e-12,296.788567 C80.6666667,248.745214 159.333333,224.723537 236,224.723537 C421,224.723537 525,308.759008 670,237.729027 C788.881547,179.493481 940.843675,-13.7136127 1200,1.78856686 C1200,27.1219002 1200,166.192378 1200,419 L1.82931448e-12,418.788567 L1.47792889e-12,296.788567 Z\"><\/path><path class=\"gspb_st1 gspb_shape_1\" data-style=\"25\" d=\"M9.09494702e-13,337.771254 C80.6666667,275.739443 159.333333,244.723537 236,244.723537 C421,244.723537 525,328.759008 670,257.729027 C788.990736,199.439994 940.758806,19.0693429 1200,39.7885669 C1200,64.4552335 1200,190.859045 1200,419 L1.87683202e-12,418.788567 L9.09494702e-13,337.771254 Z\"><\/path><path class=\"gspb_st0 gspb_shape_0\" data-style=\"25\" d=\"M1.13686838e-12,377.771254 C80.6666667,302.406109 159.333333,264.723537 236,264.723537 C421,264.723537 525,348.759008 670,277.729027 C789.052388,219.409793 940.512256,52.9826245 1200,78.7885669 C1200,114.1219 1200,227.525711 1200,419 L1.25010787e-12,418.788567 L1.13686838e-12,377.771254 Z\"><\/path><defs><linearGradient><stop><\/stop><stop><\/stop><\/linearGradient><linearGradient><stop><\/stop><stop><\/stop><\/linearGradient><linearGradient><stop><\/stop><stop><\/stop><\/linearGradient><\/defs><\/svg><\/div><\/section>\n","protected":false},"excerpt":{"rendered":"","protected":false},"author":1,"featured_media":0,"parent":0,"menu_order":0,"comment_status":"closed","ping_status":"closed","template":"","meta":{"_gspb_post_css":"#gspb_row-id-gsbp-0d2bec3,#gspb_row-id-gsbp-cd0790b{justify-content:space-between;margin-top:0;margin-bottom:0;display:flex;flex-wrap:wrap}#gspb_row-id-gsbp-0d2bec3>.gspb_row__content{display:flex;justify-content:space-between;margin:0 auto;width:100%;flex-wrap:wrap}.gspb_row{position:relative}div[id^=gspb_col-id]{box-sizing:border-box;position:relative;padding:var(--gs-row-column-padding, 15px min(3vw, 20px))}#gspb_col-id-gsbp-5833d2a.gspb_row__col--12,#gspb_row-id-gsbp-cd0790b .gspb_shape-divider-container svg{width:100%}@media (max-width:575.98px){#gspb_col-id-gsbp-5833d2a.gspb_row__col--12{width:100%}}#gspb_row-id-gsbp-cd0790b>.gspb_row__content{display:flex;justify-content:space-between;margin:0 auto;width:100%;flex-wrap:wrap}#gspb_row-id-gsbp-cd0790b{min-height:300px}@media (max-width:575.98px){#gspb_row-id-gsbp-cd0790b{min-height:400px}}body.gspb-bodyfront #gspb_row-id-gsbp-0d2bec3>.gspb_row__content,body.gspb-bodyfront #gspb_row-id-gsbp-cd0790b>.gspb_row__content{width:var(--theme-container-width, 1200px);max-width:var(--theme-normal-container-max-width, 1200px)}#gspb_row-id-gsbp-cd0790b .gspb_shape-divider-container{overflow:hidden;position:absolute;left:0;z-index:-1;width:100%;line-height:0;pointer-events:none}#gspb_row-id-gsbp-cd0790b .gspb_shape-divider-container--bottom{bottom:0}#gspb_row-id-gsbp-cd0790b .gspb_shape-divider-container--bottom svg .gspb_st1,#gspb_row-id-gsbp-cd0790b .gspb_shape-divider-container--bottom svg .gspb_st2{opacity:.5}#gspb_row-id-gsbp-cd0790b .gspb_shape-divider-container--bottom svg .gspb_st0{opacity:1}#gspb_row-id-gsbp-cd0790b .gspb_shape-divider-container--bottom svg{transform:rotateY(180deg);height:150px}#gspb_row-id-gsbp-cd0790b{isolation:isolate}","footnotes":""},"class_list":["post-294","page","type-page","status-publish","hentry"],"blocksy_meta":{"has_hero_section":"disabled","styles_descriptor":{"styles":{"desktop":"","tablet":"","mobile":""},"google_fonts":[],"version":6}},"_hostinger_reach_plugin_has_subscription_block":false,"_hostinger_reach_plugin_is_elementor":false,"_links":{"self":[{"href":"https:\/\/usamericanvisa.com\/honduras\/wp-json\/wp\/v2\/pages\/294","targetHints":{"allow":["GET"]}}],"collection":[{"href":"https:\/\/usamericanvisa.com\/honduras\/wp-json\/wp\/v2\/pages"}],"about":[{"href":"https:\/\/usamericanvisa.com\/honduras\/wp-json\/wp\/v2\/types\/page"}],"author":[{"embeddable":true,"href":"https:\/\/usamericanvisa.com\/honduras\/wp-json\/wp\/v2\/users\/1"}],"replies":[{"embeddable":true,"href":"https:\/\/usamericanvisa.com\/honduras\/wp-json\/wp\/v2\/comments?post=294"}],"version-history":[{"count":2,"href":"https:\/\/usamericanvisa.com\/honduras\/wp-json\/wp\/v2\/pages\/294\/revisions"}],"predecessor-version":[{"id":2714,"href":"https:\/\/usamericanvisa.com\/honduras\/wp-json\/wp\/v2\/pages\/294\/revisions\/2714"}],"wp:attachment":[{"href":"https:\/\/usamericanvisa.com\/honduras\/wp-json\/wp\/v2\/media?parent=294"}],"curies":[{"name":"wp","href":"https:\/\/api.w.org\/{rel}","templated":true}]}}