{"id":288,"date":"2025-09-20T10:09:06","date_gmt":"2025-09-20T16:09:06","guid":{"rendered":"https:\/\/usamericanvisa.com\/honduras\/?page_id=288"},"modified":"2025-10-07T04:04:23","modified_gmt":"2025-10-07T10:04:23","slug":"aviso-legal","status":"publish","type":"page","link":"https:\/\/usamericanvisa.com\/honduras\/aviso-legal\/","title":{"rendered":"Aviso Legal"},"content":{"rendered":"\n<div class=\"wp-block-stackable-separator alignfull stk-block-separator stk--no-padding stk-block stk-d5580ba\" data-block-id=\"d5580ba\"><style>.stk-d5580ba svg{fill:var(--theme-palette-color-7, #FAFBFC) !important;filter:drop-shadow(0px 10px 60px #0000001a) !important;}.stk-d5580ba .stk-block-separator__inner{transform:scaleX(2) !important;}<\/style><div class=\"stk-block-separator__inner\"><svg xmlns=\"http:\/\/www.w3.org\/2000\/svg\" viewBox=\"0 0 1600 200\" class=\"stk-separator__layer-1\" preserveAspectRatio=\"none\" aria-hidden=\"true\"><path d=\"M1413.6 39.3c-157.9 0-338.2 37.7-495.1 67.4-215.6 40.8-328.1 44.6-418.2 41.1S317 127.3 188.4 98.7-10 64.5-10 64.5v150.2h1620V58.8s-68.8-19.5-196.4-19.5z\"><\/path><\/svg><\/div><\/div>\n\n\n\n<div class=\"wp-block-greenshift-blocks-row gspb_row gspb_row-id-gsbp-0d2bec3\" id=\"gspb_row-id-gsbp-0d2bec3\"><div class=\"gspb_row__content\"> \n<div class=\"wp-block-greenshift-blocks-row-column gspb_row__col--12 gspb_col-id-gsbp-5833d2a\" id=\"gspb_col-id-gsbp-5833d2a\">\n<p class=\"has-large-font-size\"><strong>AVISO LEGAL<\/strong><\/p>\n\n\n\n<h2 class=\"wp-block-heading\" id=\"1-identidad-del-titular-del-sitio-web\">1. IDENTIDAD DEL TITULAR DEL SITIO WEB<\/h2>\n\n\n\n<p>El presente sitio web es propiedad de <strong>US American Visa<\/strong>, empresa dedicada a la asesor\u00eda en tr\u00e1mites migratorios y servicios de viajes.<\/p>\n\n\n\n<ul class=\"wp-block-list\">\n<li><strong>Correo de contacto:<\/strong> <a href=\"mailto:sac@usamericanvisa.com\">sac@usamericanvisa.com<\/a><\/li>\n\n\n\n<li><strong>Sede principal:<\/strong> San Pedro Sula, Honduras<\/li>\n<\/ul>\n\n\n\n<h2 class=\"wp-block-heading\" id=\"2-alcance-de-los-servicios\">2. ALCANCE DE LOS SERVICIOS<\/h2>\n\n\n\n<ul class=\"wp-block-list\">\n<li><strong>US American Visa NO es un bufete de abogados ni presta servicios legales.<\/strong><\/li>\n\n\n\n<li>Somos un equipo de asesores certificados por instituciones de prestigio en Estados Unidos y especializados en orientaci\u00f3n y gesti\u00f3n de tr\u00e1mites migratorios, visados y servicios tur\u00edsticos.<\/li>\n\n\n\n<li>La finalidad de nuestros servicios es brindar apoyo, informaci\u00f3n y acompa\u00f1amiento en los procesos de solicitud y gesti\u00f3n documental.<\/li>\n<\/ul>\n\n\n\n<h2 class=\"wp-block-heading\" id=\"3-exencion-de-responsabilidad\">3. EXENCI\u00d3N DE RESPONSABILIDAD<\/h2>\n\n\n\n<ul class=\"wp-block-list\">\n<li>La informaci\u00f3n disponible en este sitio web tiene <strong>car\u00e1cter informativo y orientativo<\/strong>. No constituye asesor\u00eda legal vinculante ni garantiza la aprobaci\u00f3n de tr\u00e1mites migratorios o consulares.<\/li>\n\n\n\n<li>El resultado de cada proceso depende exclusivamente de las autoridades competentes, por lo que <strong>US American Visa no se hace responsable de la decisi\u00f3n final<\/strong> emitida por consulados, embajadas u otras instituciones gubernamentales.<\/li>\n\n\n\n<li>El uso del contenido y los servicios ofrecidos en este sitio es responsabilidad exclusiva del usuario.<\/li>\n<\/ul>\n\n\n\n<h2 class=\"wp-block-heading\" id=\"4-proteccion-de-datos-y-confidencialidad\">4. PROTECCI\u00d3N DE DATOS Y CONFIDENCIALIDAD<\/h2>\n\n\n\n<ul class=\"wp-block-list\">\n<li><strong>US American Visa no comparte, vende ni cede la informaci\u00f3n personal de sus clientes a terceros.<\/strong><\/li>\n\n\n\n<li>Los datos recopilados se utilizan \u00fanicamente para la gesti\u00f3n de solicitudes, seguimiento de procesos y env\u00edo de informaci\u00f3n relacionada con los servicios contratados.<\/li>\n\n\n\n<li>El tratamiento de datos personales se realiza conforme a la legislaci\u00f3n vigente en materia de protecci\u00f3n de datos en los pa\u00edses que damos servicios.<\/li>\n<\/ul>\n\n\n\n<h2 class=\"wp-block-heading\" id=\"5-servicios-de-terceros-y-plataformas-externas\">5. SERVICIOS DE TERCEROS Y PLATAFORMAS EXTERNAS<\/h2>\n\n\n\n<ul class=\"wp-block-list\">\n<li>Algunos servicios pueden implicar el uso de plataformas de terceros (pagos en l\u00ednea, formularios oficiales, agendamiento de citas, etc.).<\/li>\n\n\n\n<li><strong>US American Visa no se responsabiliza<\/strong> por ca\u00eddas t\u00e9cnicas, cambios en pol\u00edticas o fallos ajenos a nuestra gesti\u00f3n en dichas plataformas.<\/li>\n<\/ul>\n\n\n\n<h2 class=\"wp-block-heading\" id=\"6-propiedad-intelectual\">6. PROPIEDAD INTELECTUAL<\/h2>\n\n\n\n<ul class=\"wp-block-list\">\n<li>Todos los contenidos de este sitio web (textos, logotipos, im\u00e1genes, dise\u00f1o gr\u00e1fico, estructura y software) est\u00e1n protegidos por derechos de propiedad intelectual e industrial.<\/li>\n\n\n\n<li>Queda prohibida su reproducci\u00f3n, distribuci\u00f3n, modificaci\u00f3n o uso no autorizado sin consentimiento previo y por escrito de <strong>US American Visa<\/strong>.<\/li>\n<\/ul>\n\n\n\n<h2 class=\"wp-block-heading\" id=\"7-enlaces-a-sitios-de-terceros\">7. ENLACES A SITIOS DE TERCEROS<\/h2>\n\n\n\n<p>Este sitio puede contener enlaces hacia otras p\u00e1ginas web de terceros. <strong>US American Visa<\/strong> no asume responsabilidad alguna por el contenido, veracidad, seguridad o pol\u00edticas de privacidad de dichos sitios externos.<\/p>\n\n\n\n<h2 class=\"wp-block-heading\" id=\"8-legislacion-y-jurisdiccion\">8. LEGISLACI\u00d3N Y JURISDICCI\u00d3N<\/h2>\n\n\n\n<p>Ante cualquier controversia relacionada con el uso del sitio web o de nuestros servicios, las partes se someten a la jurisdicci\u00f3n de los tribunales competentes de la ciudad de San Pedro Sula, Honduras.<\/p>\n\n\n\n<p>El presente Aviso Legal se rige por la legislaci\u00f3n aplicable en <strong>Honduras<\/strong> y, cuando corresponda, por la normativa vigente en <strong>Estados Unidos<\/strong>.<\/p>\n<\/div>\n <\/div><\/div>\n\n\n\n<section class=\"wp-block-greenshift-blocks-row alignfull gspb_row gspb_row-id-gsbp-cd0790b\" id=\"gspb_row-id-gsbp-cd0790b\"><div class=\"gspb_row__content\">  <\/div><div class=\"gspb_shape-divider-container gspb_shape-divider-container--bottom\"><svg data-style=\"25\" x=\"0px\" y=\"0px\" viewBox=\"0 0 1200 418\" preserveAspectRatio=\"none\" fill=\"var(--wp--preset--color--palette-color-3, var(--theme-palette-color-3, #34486E))\"><path class=\"gspb_st2 gspb_shape_2\" data-style=\"25\" d=\"M1.47792889e-12,296.788567 C80.6666667,248.745214 159.333333,224.723537 236,224.723537 C421,224.723537 525,308.759008 670,237.729027 C788.881547,179.493481 940.843675,-13.7136127 1200,1.78856686 C1200,27.1219002 1200,166.192378 1200,419 L1.82931448e-12,418.788567 L1.47792889e-12,296.788567 Z\"><\/path><path class=\"gspb_st1 gspb_shape_1\" data-style=\"25\" d=\"M9.09494702e-13,337.771254 C80.6666667,275.739443 159.333333,244.723537 236,244.723537 C421,244.723537 525,328.759008 670,257.729027 C788.990736,199.439994 940.758806,19.0693429 1200,39.7885669 C1200,64.4552335 1200,190.859045 1200,419 L1.87683202e-12,418.788567 L9.09494702e-13,337.771254 Z\"><\/path><path class=\"gspb_st0 gspb_shape_0\" data-style=\"25\" d=\"M1.13686838e-12,377.771254 C80.6666667,302.406109 159.333333,264.723537 236,264.723537 C421,264.723537 525,348.759008 670,277.729027 C789.052388,219.409793 940.512256,52.9826245 1200,78.7885669 C1200,114.1219 1200,227.525711 1200,419 L1.25010787e-12,418.788567 L1.13686838e-12,377.771254 Z\"><\/path><defs><linearGradient><stop><\/stop><stop><\/stop><\/linearGradient><linearGradient><stop><\/stop><stop><\/stop><\/linearGradient><linearGradient><stop><\/stop><stop><\/stop><\/linearGradient><\/defs><\/svg><\/div><\/section>\n","protected":false},"excerpt":{"rendered":"","protected":false},"author":1,"featured_media":0,"parent":0,"menu_order":0,"comment_status":"closed","ping_status":"closed","template":"","meta":{"_gspb_post_css":"#gspb_row-id-gsbp-0d2bec3,#gspb_row-id-gsbp-cd0790b{justify-content:space-between;margin-top:0;margin-bottom:0;display:flex;flex-wrap:wrap}#gspb_row-id-gsbp-0d2bec3>.gspb_row__content{display:flex;justify-content:space-between;margin:0 auto;width:100%;flex-wrap:wrap}.gspb_row{position:relative}div[id^=gspb_col-id]{box-sizing:border-box;position:relative;padding:var(--gs-row-column-padding, 15px min(3vw, 20px))}#gspb_col-id-gsbp-5833d2a.gspb_row__col--12,#gspb_row-id-gsbp-cd0790b .gspb_shape-divider-container svg{width:100%}@media (max-width:575.98px){#gspb_col-id-gsbp-5833d2a.gspb_row__col--12{width:100%}}#gspb_row-id-gsbp-cd0790b>.gspb_row__content{display:flex;justify-content:space-between;margin:0 auto;width:100%;flex-wrap:wrap}#gspb_row-id-gsbp-cd0790b{min-height:300px}@media (max-width:575.98px){#gspb_row-id-gsbp-cd0790b{min-height:400px}}body.gspb-bodyfront #gspb_row-id-gsbp-0d2bec3>.gspb_row__content,body.gspb-bodyfront #gspb_row-id-gsbp-cd0790b>.gspb_row__content{width:var(--theme-container-width, 1200px);max-width:var(--theme-normal-container-max-width, 1200px)}#gspb_row-id-gsbp-cd0790b .gspb_shape-divider-container{overflow:hidden;position:absolute;left:0;z-index:-1;width:100%;line-height:0;pointer-events:none}#gspb_row-id-gsbp-cd0790b .gspb_shape-divider-container--bottom{bottom:0}#gspb_row-id-gsbp-cd0790b .gspb_shape-divider-container--bottom svg .gspb_st1,#gspb_row-id-gsbp-cd0790b .gspb_shape-divider-container--bottom svg .gspb_st2{opacity:.5}#gspb_row-id-gsbp-cd0790b .gspb_shape-divider-container--bottom svg .gspb_st0{opacity:1}#gspb_row-id-gsbp-cd0790b .gspb_shape-divider-container--bottom svg{transform:rotateY(180deg);height:150px}#gspb_row-id-gsbp-cd0790b{isolation:isolate}","footnotes":""},"class_list":["post-288","page","type-page","status-publish","hentry"],"blocksy_meta":{"has_hero_section":"disabled","styles_descriptor":{"styles":{"desktop":"","tablet":"","mobile":""},"google_fonts":[],"version":6}},"_hostinger_reach_plugin_has_subscription_block":false,"_hostinger_reach_plugin_is_elementor":false,"_links":{"self":[{"href":"https:\/\/usamericanvisa.com\/honduras\/wp-json\/wp\/v2\/pages\/288","targetHints":{"allow":["GET"]}}],"collection":[{"href":"https:\/\/usamericanvisa.com\/honduras\/wp-json\/wp\/v2\/pages"}],"about":[{"href":"https:\/\/usamericanvisa.com\/honduras\/wp-json\/wp\/v2\/types\/page"}],"author":[{"embeddable":true,"href":"https:\/\/usamericanvisa.com\/honduras\/wp-json\/wp\/v2\/users\/1"}],"replies":[{"embeddable":true,"href":"https:\/\/usamericanvisa.com\/honduras\/wp-json\/wp\/v2\/comments?post=288"}],"version-history":[{"count":3,"href":"https:\/\/usamericanvisa.com\/honduras\/wp-json\/wp\/v2\/pages\/288\/revisions"}],"predecessor-version":[{"id":2720,"href":"https:\/\/usamericanvisa.com\/honduras\/wp-json\/wp\/v2\/pages\/288\/revisions\/2720"}],"wp:attachment":[{"href":"https:\/\/usamericanvisa.com\/honduras\/wp-json\/wp\/v2\/media?parent=288"}],"curies":[{"name":"wp","href":"https:\/\/api.w.org\/{rel}","templated":true}]}}